{"id":651,"date":"2023-06-13T08:27:44","date_gmt":"2023-06-13T08:27:44","guid":{"rendered":"https:\/\/villa-albertine.org\/\/?page_id=651"},"modified":"2025-02-04T16:49:13","modified_gmt":"2025-02-04T16:49:13","slug":"foundation-government-partnerships","status":"publish","type":"page","link":"https:\/\/villa-albertine.org\/va\/about\/foundation-government-partnerships\/","title":{"rendered":"Foundation &amp; Government Partnerships"},"content":{"rendered":"\n<p>Villa Albertine is a new cultural institution of the French Ministry for Europe and Foreign Affairs, supported by the French Ministry of Culture.<\/p>\n\n\n\n<p>Several partners also serve a founding role. Villa Albertine benefits in particular from the support of Albertine Foundation, as well as the Institut fran\u00e7ais, the Florence Gould Foundation, the Bettencourt Schueller Foundation, Louis Roederer Foundation, the Judy and Peter Blum Kovler Foundation, the Centre national du cinema et de l\u2019image anim\u00e9e (CNC), GRoW @ Annenberg, and the Recanati-Kaplan Foundation. <\/p>\n\n\n\n<p>These partners are joined by UniFrance, the Centre national des arts plastiques (Cnap) and the Association pour la diffusion internationale de l\u2019art francais (ADIAF).<\/p>\n\n\n\n<p>The visionary commitment of this transatlantic and global community of supporters, dedicated to fostering a new relationship between France and the United States will enable a new generation of thinkers to explore intersections between cultures and disciplines to address the most urgent questions of our time.<\/p>\n","protected":false},"excerpt":{"rendered":"<p>Villa Albertine is a new cultural institution of the French Ministry for Europe and Foreign Affairs, supported by the French Ministry of Culture. Several partners also serve a founding role. Villa Albertine benefits in particular from the support of Albertine Foundation, as well as the Institut fran\u00e7ais, the Florence Gould Foundation, the Bettencourt Schueller Foundation,&#8230;<\/p>\n","protected":false},"author":1,"featured_media":464196,"parent":27,"menu_order":0,"comment_status":"closed","ping_status":"closed","template":"","meta":{"_acf_changed":false,"footnotes":""},"class_list":["post-651","page","type-page","status-publish","has-post-thumbnail","hentry"],"acf":[],"yoast_head":"<!-- This site is optimized with the Yoast SEO plugin v27.3 - https:\/\/yoast.com\/product\/yoast-seo-wordpress\/ -->\n<title>Foundation &amp; Government Partnerships - Villa Albertine<\/title>\n<meta name=\"robots\" content=\"index, follow, max-snippet:-1, max-image-preview:large, max-video-preview:-1\" \/>\n<link rel=\"canonical\" href=\"https:\/\/villa-albertine.org\/va\/about\/foundation-government-partnerships\/\" \/>\n<meta property=\"og:locale\" content=\"en_US\" \/>\n<meta property=\"og:type\" content=\"article\" \/>\n<meta property=\"og:title\" content=\"Foundation &amp; Government Partnerships - Villa Albertine\" \/>\n<meta property=\"og:description\" content=\"Villa Albertine is a new cultural institution of the French Ministry for Europe and Foreign Affairs, supported by the French Ministry of Culture. Several partners also serve a founding role. Villa Albertine benefits in particular from the support of Albertine Foundation, as well as the Institut fran\u00e7ais, the Florence Gould Foundation, the Bettencourt Schueller Foundation,...\" \/>\n<meta property=\"og:url\" content=\"https:\/\/villa-albertine.org\/va\/about\/foundation-government-partnerships\/\" \/>\n<meta property=\"og:site_name\" content=\"Villa Albertine\" \/>\n<meta property=\"article:modified_time\" content=\"2025-02-04T16:49:13+00:00\" \/>\n<meta property=\"og:image\" content=\"https:\/\/villa-albertine.org\/wp-content\/uploads\/2024\/01\/Quai-dOrsay-1.jpeg\" \/>\n\t<meta property=\"og:image:width\" content=\"1200\" \/>\n\t<meta property=\"og:image:height\" content=\"680\" \/>\n\t<meta property=\"og:image:type\" content=\"image\/jpeg\" \/>\n<meta name=\"twitter:card\" content=\"summary_large_image\" \/>\n<meta name=\"twitter:label1\" content=\"Est. reading time\" \/>\n\t<meta name=\"twitter:data1\" content=\"1 minute\" \/>\n<script type=\"application\/ld+json\" class=\"yoast-schema-graph\">{\"@context\":\"https:\\\/\\\/schema.org\",\"@graph\":[{\"@type\":\"WebPage\",\"@id\":\"https:\\\/\\\/villa-albertine.org\\\/va\\\/about\\\/foundation-government-partnerships\\\/\",\"url\":\"https:\\\/\\\/villa-albertine.org\\\/va\\\/about\\\/foundation-government-partnerships\\\/\",\"name\":\"Foundation &amp; Government Partnerships - Villa Albertine\",\"isPartOf\":{\"@id\":\"https:\\\/\\\/villa-albertine.org\\\/va\\\/#website\"},\"primaryImageOfPage\":{\"@id\":\"https:\\\/\\\/villa-albertine.org\\\/va\\\/about\\\/foundation-government-partnerships\\\/#primaryimage\"},\"image\":{\"@id\":\"https:\\\/\\\/villa-albertine.org\\\/va\\\/about\\\/foundation-government-partnerships\\\/#primaryimage\"},\"thumbnailUrl\":\"https:\\\/\\\/villa-albertine.org\\\/wp-content\\\/uploads\\\/2024\\\/01\\\/Quai-dOrsay-1.jpeg\",\"datePublished\":\"2023-06-13T08:27:44+00:00\",\"dateModified\":\"2025-02-04T16:49:13+00:00\",\"breadcrumb\":{\"@id\":\"https:\\\/\\\/villa-albertine.org\\\/va\\\/about\\\/foundation-government-partnerships\\\/#breadcrumb\"},\"inLanguage\":\"en-US\",\"potentialAction\":[{\"@type\":\"ReadAction\",\"target\":[\"https:\\\/\\\/villa-albertine.org\\\/va\\\/about\\\/foundation-government-partnerships\\\/\"]}]},{\"@type\":\"ImageObject\",\"inLanguage\":\"en-US\",\"@id\":\"https:\\\/\\\/villa-albertine.org\\\/va\\\/about\\\/foundation-government-partnerships\\\/#primaryimage\",\"url\":\"https:\\\/\\\/villa-albertine.org\\\/wp-content\\\/uploads\\\/2024\\\/01\\\/Quai-dOrsay-1.jpeg\",\"contentUrl\":\"https:\\\/\\\/villa-albertine.org\\\/wp-content\\\/uploads\\\/2024\\\/01\\\/Quai-dOrsay-1.jpeg\",\"width\":1200,\"height\":680,\"caption\":\"Minist\u00e8re des affaires \u00e9trang\u00e8res \u00a9 Maxppp - Christophe Morin IP3Press\"},{\"@type\":\"BreadcrumbList\",\"@id\":\"https:\\\/\\\/villa-albertine.org\\\/va\\\/about\\\/foundation-government-partnerships\\\/#breadcrumb\",\"itemListElement\":[{\"@type\":\"ListItem\",\"position\":1,\"name\":\"Home\",\"item\":\"https:\\\/\\\/villa-albertine.org\\\/va\\\/\"},{\"@type\":\"ListItem\",\"position\":2,\"name\":\"Villa Albertine\",\"item\":\"https:\\\/\\\/villa-albertine.org\\\/va\\\/about\\\/\"},{\"@type\":\"ListItem\",\"position\":3,\"name\":\"Foundation &amp; Government Partnerships\"}]},{\"@type\":\"WebSite\",\"@id\":\"https:\\\/\\\/villa-albertine.org\\\/va\\\/#website\",\"url\":\"https:\\\/\\\/villa-albertine.org\\\/va\\\/\",\"name\":\"Villa Albertine\",\"description\":\"\",\"potentialAction\":[{\"@type\":\"SearchAction\",\"target\":{\"@type\":\"EntryPoint\",\"urlTemplate\":\"https:\\\/\\\/villa-albertine.org\\\/va\\\/?s={search_term_string}\"},\"query-input\":{\"@type\":\"PropertyValueSpecification\",\"valueRequired\":true,\"valueName\":\"search_term_string\"}}],\"inLanguage\":\"en-US\"}]}<\/script>\n<!-- \/ Yoast SEO plugin. -->","yoast_head_json":{"title":"Foundation &amp; Government Partnerships - Villa Albertine","robots":{"index":"index","follow":"follow","max-snippet":"max-snippet:-1","max-image-preview":"max-image-preview:large","max-video-preview":"max-video-preview:-1"},"canonical":"https:\/\/villa-albertine.org\/va\/about\/foundation-government-partnerships\/","og_locale":"en_US","og_type":"article","og_title":"Foundation &amp; Government Partnerships - Villa Albertine","og_description":"Villa Albertine is a new cultural institution of the French Ministry for Europe and Foreign Affairs, supported by the French Ministry of Culture. Several partners also serve a founding role. Villa Albertine benefits in particular from the support of Albertine Foundation, as well as the Institut fran\u00e7ais, the Florence Gould Foundation, the Bettencourt Schueller Foundation,...","og_url":"https:\/\/villa-albertine.org\/va\/about\/foundation-government-partnerships\/","og_site_name":"Villa Albertine","article_modified_time":"2025-02-04T16:49:13+00:00","og_image":[{"width":1200,"height":680,"url":"https:\/\/villa-albertine.org\/wp-content\/uploads\/2024\/01\/Quai-dOrsay-1.jpeg","type":"image\/jpeg"}],"twitter_card":"summary_large_image","twitter_misc":{"Est. reading time":"1 minute"},"schema":{"@context":"https:\/\/schema.org","@graph":[{"@type":"WebPage","@id":"https:\/\/villa-albertine.org\/va\/about\/foundation-government-partnerships\/","url":"https:\/\/villa-albertine.org\/va\/about\/foundation-government-partnerships\/","name":"Foundation &amp; Government Partnerships - Villa Albertine","isPartOf":{"@id":"https:\/\/villa-albertine.org\/va\/#website"},"primaryImageOfPage":{"@id":"https:\/\/villa-albertine.org\/va\/about\/foundation-government-partnerships\/#primaryimage"},"image":{"@id":"https:\/\/villa-albertine.org\/va\/about\/foundation-government-partnerships\/#primaryimage"},"thumbnailUrl":"https:\/\/villa-albertine.org\/wp-content\/uploads\/2024\/01\/Quai-dOrsay-1.jpeg","datePublished":"2023-06-13T08:27:44+00:00","dateModified":"2025-02-04T16:49:13+00:00","breadcrumb":{"@id":"https:\/\/villa-albertine.org\/va\/about\/foundation-government-partnerships\/#breadcrumb"},"inLanguage":"en-US","potentialAction":[{"@type":"ReadAction","target":["https:\/\/villa-albertine.org\/va\/about\/foundation-government-partnerships\/"]}]},{"@type":"ImageObject","inLanguage":"en-US","@id":"https:\/\/villa-albertine.org\/va\/about\/foundation-government-partnerships\/#primaryimage","url":"https:\/\/villa-albertine.org\/wp-content\/uploads\/2024\/01\/Quai-dOrsay-1.jpeg","contentUrl":"https:\/\/villa-albertine.org\/wp-content\/uploads\/2024\/01\/Quai-dOrsay-1.jpeg","width":1200,"height":680,"caption":"Minist\u00e8re des affaires \u00e9trang\u00e8res \u00a9 Maxppp - Christophe Morin IP3Press"},{"@type":"BreadcrumbList","@id":"https:\/\/villa-albertine.org\/va\/about\/foundation-government-partnerships\/#breadcrumb","itemListElement":[{"@type":"ListItem","position":1,"name":"Home","item":"https:\/\/villa-albertine.org\/va\/"},{"@type":"ListItem","position":2,"name":"Villa Albertine","item":"https:\/\/villa-albertine.org\/va\/about\/"},{"@type":"ListItem","position":3,"name":"Foundation &amp; Government Partnerships"}]},{"@type":"WebSite","@id":"https:\/\/villa-albertine.org\/va\/#website","url":"https:\/\/villa-albertine.org\/va\/","name":"Villa Albertine","description":"","potentialAction":[{"@type":"SearchAction","target":{"@type":"EntryPoint","urlTemplate":"https:\/\/villa-albertine.org\/va\/?s={search_term_string}"},"query-input":{"@type":"PropertyValueSpecification","valueRequired":true,"valueName":"search_term_string"}}],"inLanguage":"en-US"}]}},"_links":{"self":[{"href":"https:\/\/villa-albertine.org\/va\/wp-json\/wp\/v2\/pages\/651","targetHints":{"allow":["GET"]}}],"collection":[{"href":"https:\/\/villa-albertine.org\/va\/wp-json\/wp\/v2\/pages"}],"about":[{"href":"https:\/\/villa-albertine.org\/va\/wp-json\/wp\/v2\/types\/page"}],"author":[{"embeddable":true,"href":"https:\/\/villa-albertine.org\/va\/wp-json\/wp\/v2\/users\/1"}],"replies":[{"embeddable":true,"href":"https:\/\/villa-albertine.org\/va\/wp-json\/wp\/v2\/comments?post=651"}],"version-history":[{"count":16,"href":"https:\/\/villa-albertine.org\/va\/wp-json\/wp\/v2\/pages\/651\/revisions"}],"predecessor-version":[{"id":2488558,"href":"https:\/\/villa-albertine.org\/va\/wp-json\/wp\/v2\/pages\/651\/revisions\/2488558"}],"up":[{"embeddable":true,"href":"https:\/\/villa-albertine.org\/va\/wp-json\/wp\/v2\/pages\/27"}],"wp:featuredmedia":[{"embeddable":true,"href":"https:\/\/villa-albertine.org\/va\/wp-json\/wp\/v2\/media\/464196"}],"wp:attachment":[{"href":"https:\/\/villa-albertine.org\/va\/wp-json\/wp\/v2\/media?parent=651"}],"curies":[{"name":"wp","href":"https:\/\/api.w.org\/{rel}","templated":true}]}}