{"id":645,"date":"2023-06-13T08:25:20","date_gmt":"2023-06-13T08:25:20","guid":{"rendered":"https:\/\/villa-albertine.org\/\/?page_id=645"},"modified":"2025-09-17T23:10:42","modified_gmt":"2025-09-17T23:10:42","slug":"individual-membership","status":"publish","type":"page","link":"https:\/\/villa-albertine.org\/va\/about\/individual-membership\/","title":{"rendered":"Individual Membership"},"content":{"rendered":"\n<p>Villa Albertine is made possible through the generous support of individual donors, including Daphne Recanati Kaplan and Thomas S. Kaplan, Marie-Jos\u00e9e and Henry Kravis, B\u00e9atrice Stern, Stephan Haimo and Veronica Bulgari, and Michel and H\u00e9l\u00e8ne David-Weill. <\/p>\n\n\n\n<p><strong>Villa Albertine\u2019s Supporters&nbsp;<\/strong><\/p>\n\n\n\n<p>Major supporters of Villa Albertine are invited to join the Friends of the Villa Albertine network, bringing together a distinguished group of supporters who share a passion for the Villa\u2019s mission. Join a visionary community of friends dedicated to promoting dynamic cultural exchange and new relationships between France and the United States. Our supporters enjoy insider access to innovative creators and thought leaders at work across the US and play an essential role in shaping transatlantic cultural dialogue, as well as a tailored selection of exclusive benefits and privileges, including:\u202f&nbsp;<\/p>\n\n\n\n<ul class=\"wp-block-list\">\n<li>Recognition on program materials, including website, online and print communications, event materials, and press releases.<\/li>\n\n\n\n<li>Naming opportunities around Villa sites and residency programs\u202f\u202f&nbsp;<\/li>\n\n\n\n<li>Integration into media outreach plans\u202f&nbsp;<\/li>\n\n\n\n<li>Privileged invitations to public and private Villa Albertine and Cultural Services events throughout the year\u202f&nbsp;<\/li>\n\n\n\n<li>Opportunities to\u202fenjoy\u202fcustomized, exceptional experiences at\u202fleading cultural institutions\u202f&nbsp;<\/li>\n<\/ul>\n\n\n\n<p><span style=\"text-decoration: underline;\">Contact Us<\/span><\/p>\n\n\n\n<p>For further information about the Friends\u202fof Villa Albertine, please contact:<\/p>\n\n\n\n<p><strong>Croisine Martin-Roland<\/strong><\/p>\n\n\n\n<p>Director of Development and Partnerships, Villa Albertine and Albertine Foundation<\/p>\n\n\n\n<div class=\"wp-block-buttons is-layout-flex wp-block-buttons-is-layout-flex\">\n<div class=\"wp-block-button\"><a class=\"wp-block-button__link wp-element-button\" href=\"mailto:croisine.martin-roland@villa-albertine.org\">Contact<\/a><\/div>\n<\/div>\n\n\n\n<p><\/p>\n\n\n\n<p><strong><span style=\"text-decoration: underline;\">Local Villa Albertine Patrons\u2019\u202fCircles\u202f<\/span><\/strong><\/p>\n\n\n\n<p>Guided by the offices of the Cultural Services of the French Embassy present in 10 cities across the US, supporters of Villa Albertine at the local level are invited to become members of the Patrons\u2019 Circle associated with their city\u2019s Villa. Patrons\u2019 Circle members are leaders in their communities who share a commitment to French American exchange in the arts and culture. They enjoy exclusive, behind-the-scenes access both at the Villa and with local cultural partners, as well as a range of tailored benefits that may include:<\/p>\n\n\n\n<ul class=\"wp-block-list\">\n<li>Invitations\u202fto exclusive\u202fVilla Albertine private dinners and events<\/li>\n\n\n\n<li>Opportunities to meet with local Villa Albertine residents and discover their work in progress in an intimate setting<\/li>\n\n\n\n<li>Privileged access to local partner cultural institutions\u202f\u202f<\/li>\n\n\n\n<li>Preview access to local exhibitions and events<\/li>\n\n\n\n<li>Recognition on the Villa Albertine digital platform and in the Annual Report<\/li>\n<\/ul>\n\n\n\n<p><span style=\"text-decoration: underline;\">Contact Us<\/span><\/p>\n\n\n\n<p>For further information about your Local Villa Albertine Patrons\u2019 Circle, please reach out to&nbsp;<a href=\"https:\/\/villa-albertine.org\/\/the-villa\/contacts\/\">your local Villa Albertine Director<\/a>.<\/p>\n","protected":false},"excerpt":{"rendered":"<p>Villa Albertine is made possible through the generous support of individual donors, including Daphne Recanati Kaplan and Thomas S. Kaplan, Marie-Jos\u00e9e and Henry Kravis, B\u00e9atrice Stern, Stephan Haimo and Veronica Bulgari, and Michel and H\u00e9l\u00e8ne David-Weill. Villa Albertine\u2019s Supporters&nbsp; Major supporters of Villa Albertine are invited to join the Friends of the Villa Albertine network,&#8230;<\/p>\n","protected":false},"author":1,"featured_media":639,"parent":27,"menu_order":0,"comment_status":"closed","ping_status":"closed","template":"","meta":{"_acf_changed":false,"footnotes":""},"class_list":["post-645","page","type-page","status-publish","has-post-thumbnail","hentry"],"acf":[],"yoast_head":"<!-- This site is optimized with the Yoast SEO plugin v27.3 - https:\/\/yoast.com\/product\/yoast-seo-wordpress\/ -->\n<title>Individual Membership - Villa Albertine<\/title>\n<meta name=\"robots\" content=\"index, follow, max-snippet:-1, max-image-preview:large, max-video-preview:-1\" \/>\n<link rel=\"canonical\" href=\"https:\/\/villa-albertine.org\/va\/about\/individual-membership\/\" \/>\n<meta property=\"og:locale\" content=\"en_US\" \/>\n<meta property=\"og:type\" content=\"article\" \/>\n<meta property=\"og:title\" content=\"Individual Membership - Villa Albertine\" \/>\n<meta property=\"og:description\" content=\"Villa Albertine is made possible through the generous support of individual donors, including Daphne Recanati Kaplan and Thomas S. Kaplan, Marie-Jos\u00e9e and Henry Kravis, B\u00e9atrice Stern, Stephan Haimo and Veronica Bulgari, and Michel and H\u00e9l\u00e8ne David-Weill. Villa Albertine\u2019s Supporters&nbsp; Major supporters of Villa Albertine are invited to join the Friends of the Villa Albertine network,...\" \/>\n<meta property=\"og:url\" content=\"https:\/\/villa-albertine.org\/va\/about\/individual-membership\/\" \/>\n<meta property=\"og:site_name\" content=\"Villa Albertine\" \/>\n<meta property=\"article:modified_time\" content=\"2025-09-17T23:10:42+00:00\" \/>\n<meta property=\"og:image\" content=\"https:\/\/villa-albertine.org\/wp-content\/uploads\/2023\/06\/Festival-Albertine-2017.jpeg\" \/>\n\t<meta property=\"og:image:width\" content=\"1246\" \/>\n\t<meta property=\"og:image:height\" content=\"572\" \/>\n\t<meta property=\"og:image:type\" content=\"image\/jpeg\" \/>\n<meta name=\"twitter:card\" content=\"summary_large_image\" \/>\n<meta name=\"twitter:label1\" content=\"Est. reading time\" \/>\n\t<meta name=\"twitter:data1\" content=\"2 minutes\" \/>\n<script type=\"application\/ld+json\" class=\"yoast-schema-graph\">{\"@context\":\"https:\\\/\\\/schema.org\",\"@graph\":[{\"@type\":\"WebPage\",\"@id\":\"https:\\\/\\\/villa-albertine.org\\\/va\\\/about\\\/individual-membership\\\/\",\"url\":\"https:\\\/\\\/villa-albertine.org\\\/va\\\/about\\\/individual-membership\\\/\",\"name\":\"Individual Membership - Villa Albertine\",\"isPartOf\":{\"@id\":\"https:\\\/\\\/villa-albertine.org\\\/va\\\/#website\"},\"primaryImageOfPage\":{\"@id\":\"https:\\\/\\\/villa-albertine.org\\\/va\\\/about\\\/individual-membership\\\/#primaryimage\"},\"image\":{\"@id\":\"https:\\\/\\\/villa-albertine.org\\\/va\\\/about\\\/individual-membership\\\/#primaryimage\"},\"thumbnailUrl\":\"https:\\\/\\\/villa-albertine.org\\\/wp-content\\\/uploads\\\/2023\\\/06\\\/Festival-Albertine-2017.jpeg\",\"datePublished\":\"2023-06-13T08:25:20+00:00\",\"dateModified\":\"2025-09-17T23:10:42+00:00\",\"breadcrumb\":{\"@id\":\"https:\\\/\\\/villa-albertine.org\\\/va\\\/about\\\/individual-membership\\\/#breadcrumb\"},\"inLanguage\":\"en-US\",\"potentialAction\":[{\"@type\":\"ReadAction\",\"target\":[\"https:\\\/\\\/villa-albertine.org\\\/va\\\/about\\\/individual-membership\\\/\"]}]},{\"@type\":\"ImageObject\",\"inLanguage\":\"en-US\",\"@id\":\"https:\\\/\\\/villa-albertine.org\\\/va\\\/about\\\/individual-membership\\\/#primaryimage\",\"url\":\"https:\\\/\\\/villa-albertine.org\\\/wp-content\\\/uploads\\\/2023\\\/06\\\/Festival-Albertine-2017.jpeg\",\"contentUrl\":\"https:\\\/\\\/villa-albertine.org\\\/wp-content\\\/uploads\\\/2023\\\/06\\\/Festival-Albertine-2017.jpeg\",\"width\":1246,\"height\":572},{\"@type\":\"BreadcrumbList\",\"@id\":\"https:\\\/\\\/villa-albertine.org\\\/va\\\/about\\\/individual-membership\\\/#breadcrumb\",\"itemListElement\":[{\"@type\":\"ListItem\",\"position\":1,\"name\":\"Home\",\"item\":\"https:\\\/\\\/villa-albertine.org\\\/va\\\/\"},{\"@type\":\"ListItem\",\"position\":2,\"name\":\"Villa Albertine\",\"item\":\"https:\\\/\\\/villa-albertine.org\\\/va\\\/about\\\/\"},{\"@type\":\"ListItem\",\"position\":3,\"name\":\"Individual Membership\"}]},{\"@type\":\"WebSite\",\"@id\":\"https:\\\/\\\/villa-albertine.org\\\/va\\\/#website\",\"url\":\"https:\\\/\\\/villa-albertine.org\\\/va\\\/\",\"name\":\"Villa Albertine\",\"description\":\"\",\"potentialAction\":[{\"@type\":\"SearchAction\",\"target\":{\"@type\":\"EntryPoint\",\"urlTemplate\":\"https:\\\/\\\/villa-albertine.org\\\/va\\\/?s={search_term_string}\"},\"query-input\":{\"@type\":\"PropertyValueSpecification\",\"valueRequired\":true,\"valueName\":\"search_term_string\"}}],\"inLanguage\":\"en-US\"}]}<\/script>\n<!-- \/ Yoast SEO plugin. -->","yoast_head_json":{"title":"Individual Membership - Villa Albertine","robots":{"index":"index","follow":"follow","max-snippet":"max-snippet:-1","max-image-preview":"max-image-preview:large","max-video-preview":"max-video-preview:-1"},"canonical":"https:\/\/villa-albertine.org\/va\/about\/individual-membership\/","og_locale":"en_US","og_type":"article","og_title":"Individual Membership - Villa Albertine","og_description":"Villa Albertine is made possible through the generous support of individual donors, including Daphne Recanati Kaplan and Thomas S. Kaplan, Marie-Jos\u00e9e and Henry Kravis, B\u00e9atrice Stern, Stephan Haimo and Veronica Bulgari, and Michel and H\u00e9l\u00e8ne David-Weill. Villa Albertine\u2019s Supporters&nbsp; Major supporters of Villa Albertine are invited to join the Friends of the Villa Albertine network,...","og_url":"https:\/\/villa-albertine.org\/va\/about\/individual-membership\/","og_site_name":"Villa Albertine","article_modified_time":"2025-09-17T23:10:42+00:00","og_image":[{"width":1246,"height":572,"url":"https:\/\/villa-albertine.org\/wp-content\/uploads\/2023\/06\/Festival-Albertine-2017.jpeg","type":"image\/jpeg"}],"twitter_card":"summary_large_image","twitter_misc":{"Est. reading time":"2 minutes"},"schema":{"@context":"https:\/\/schema.org","@graph":[{"@type":"WebPage","@id":"https:\/\/villa-albertine.org\/va\/about\/individual-membership\/","url":"https:\/\/villa-albertine.org\/va\/about\/individual-membership\/","name":"Individual Membership - Villa Albertine","isPartOf":{"@id":"https:\/\/villa-albertine.org\/va\/#website"},"primaryImageOfPage":{"@id":"https:\/\/villa-albertine.org\/va\/about\/individual-membership\/#primaryimage"},"image":{"@id":"https:\/\/villa-albertine.org\/va\/about\/individual-membership\/#primaryimage"},"thumbnailUrl":"https:\/\/villa-albertine.org\/wp-content\/uploads\/2023\/06\/Festival-Albertine-2017.jpeg","datePublished":"2023-06-13T08:25:20+00:00","dateModified":"2025-09-17T23:10:42+00:00","breadcrumb":{"@id":"https:\/\/villa-albertine.org\/va\/about\/individual-membership\/#breadcrumb"},"inLanguage":"en-US","potentialAction":[{"@type":"ReadAction","target":["https:\/\/villa-albertine.org\/va\/about\/individual-membership\/"]}]},{"@type":"ImageObject","inLanguage":"en-US","@id":"https:\/\/villa-albertine.org\/va\/about\/individual-membership\/#primaryimage","url":"https:\/\/villa-albertine.org\/wp-content\/uploads\/2023\/06\/Festival-Albertine-2017.jpeg","contentUrl":"https:\/\/villa-albertine.org\/wp-content\/uploads\/2023\/06\/Festival-Albertine-2017.jpeg","width":1246,"height":572},{"@type":"BreadcrumbList","@id":"https:\/\/villa-albertine.org\/va\/about\/individual-membership\/#breadcrumb","itemListElement":[{"@type":"ListItem","position":1,"name":"Home","item":"https:\/\/villa-albertine.org\/va\/"},{"@type":"ListItem","position":2,"name":"Villa Albertine","item":"https:\/\/villa-albertine.org\/va\/about\/"},{"@type":"ListItem","position":3,"name":"Individual Membership"}]},{"@type":"WebSite","@id":"https:\/\/villa-albertine.org\/va\/#website","url":"https:\/\/villa-albertine.org\/va\/","name":"Villa Albertine","description":"","potentialAction":[{"@type":"SearchAction","target":{"@type":"EntryPoint","urlTemplate":"https:\/\/villa-albertine.org\/va\/?s={search_term_string}"},"query-input":{"@type":"PropertyValueSpecification","valueRequired":true,"valueName":"search_term_string"}}],"inLanguage":"en-US"}]}},"_links":{"self":[{"href":"https:\/\/villa-albertine.org\/va\/wp-json\/wp\/v2\/pages\/645","targetHints":{"allow":["GET"]}}],"collection":[{"href":"https:\/\/villa-albertine.org\/va\/wp-json\/wp\/v2\/pages"}],"about":[{"href":"https:\/\/villa-albertine.org\/va\/wp-json\/wp\/v2\/types\/page"}],"author":[{"embeddable":true,"href":"https:\/\/villa-albertine.org\/va\/wp-json\/wp\/v2\/users\/1"}],"replies":[{"embeddable":true,"href":"https:\/\/villa-albertine.org\/va\/wp-json\/wp\/v2\/comments?post=645"}],"version-history":[{"count":16,"href":"https:\/\/villa-albertine.org\/va\/wp-json\/wp\/v2\/pages\/645\/revisions"}],"predecessor-version":[{"id":5579348,"href":"https:\/\/villa-albertine.org\/va\/wp-json\/wp\/v2\/pages\/645\/revisions\/5579348"}],"up":[{"embeddable":true,"href":"https:\/\/villa-albertine.org\/va\/wp-json\/wp\/v2\/pages\/27"}],"wp:featuredmedia":[{"embeddable":true,"href":"https:\/\/villa-albertine.org\/va\/wp-json\/wp\/v2\/media\/639"}],"wp:attachment":[{"href":"https:\/\/villa-albertine.org\/va\/wp-json\/wp\/v2\/media?parent=645"}],"curies":[{"name":"wp","href":"https:\/\/api.w.org\/{rel}","templated":true}]}}