{"id":20152,"date":"2023-06-13T08:25:20","date_gmt":"2023-06-13T08:25:20","guid":{"rendered":"https:\/\/villa-albertine.org\/\/the-villa\/individual-membership\/"},"modified":"2025-02-04T17:11:39","modified_gmt":"2025-02-04T17:11:39","slug":"adhesion-individuelle","status":"publish","type":"page","link":"https:\/\/villa-albertine.org\/va\/fr\/a-propos\/adhesion-individuelle\/","title":{"rendered":"Adh\u00e9sion Individuelle"},"content":{"rendered":"\n<p>Villa Albertine existe gr\u00e2ce au soutien g\u00e9n\u00e9reux de donateurs individuels, dont Daphne Recanati Kaplan et Thomas S. Kaplan, Marie-Jos\u00e9e et Henry Kravis, B\u00e9atrice Stern, Stephan Haimo et Veronica Bulgari, et Michel et H\u00e9l\u00e8ne David-Weill. <\/p>\n\n\n\n<p><strong>Les Amis de la Villa Albertine<\/strong><\/p>\n\n\n\n<p>Les principaux soutiens du projet sont invit\u00e9s \u00e0 rejoindre le r\u00e9seau des Amis de la Villa Albertine, qui r\u00e9unit un groupe de personnalit\u00e9s passionn\u00e9es par la mission de la Villa. Rejoignez cette communaut\u00e9 de visionnaires qui se consacrent \u00e0 la promotion d\u2019\u00e9changes culturels dynamiques et de nouvelles relations entre la France et les \u00c9tats-Unis. Les Amis de la Villa Albertine b\u00e9n\u00e9ficient d\u2019une relation privil\u00e9gi\u00e9e avec les grands cr\u00e9ateurs et leaders d\u2019opinion am\u00e9ricains, et jouent un r\u00f4le essentiel dans l\u2019\u00e9laboration d\u2019un dialogue culturel transatlantique. Ils b\u00e9n\u00e9ficient \u00e9galement d\u2019avantages et de privil\u00e8ges exclusifs, dont&nbsp;:<\/p>\n\n\n\n<ul class=\"wp-block-list\">\n<li>des remerciements sur la documentation relative au programme, y compris le site internet, les communications en ligne et papier, les supports d\u2019\u00e9v\u00e9nements et les communiqu\u00e9s de presse&nbsp;;<\/li>\n\n\n\n<li>la possibilit\u00e9 de mentions nominatives sur les diff\u00e9rents sites et r\u00e9sidences de la Villa Albertine&nbsp;;<\/li>\n\n\n\n<li>l\u2019int\u00e9gration dans les plans m\u00e9dia&nbsp;;<\/li>\n\n\n\n<li>des invitations VIP aux \u00e9v\u00e9nements publics et priv\u00e9s organis\u00e9s toute l\u2019ann\u00e9e par la Villa Albertine et les services culturels de l\u2019ambassade de France&nbsp;;<\/li>\n\n\n\n<li>des invitations personnalis\u00e9es aux \u00e9v\u00e9nements organis\u00e9s par les plus grandes institutions culturelles.<\/li>\n<\/ul>\n\n\n\n<p>Pour plus d\u2019informations, contactez\u00a0:<\/p>\n\n\n\n<p><strong>Anne Bourgois<\/strong><\/p>\n\n\n\n<p>Directrice du bureau de la Villa Albertine et la Fondation Albertine \u00e0 Paris<\/p>\n\n\n\n<div class=\"wp-block-buttons is-layout-flex wp-block-buttons-is-layout-flex\">\n<div class=\"wp-block-button\"><a class=\"wp-block-button__link wp-element-button\" href=\"mailto:anne.bourgois@villa-albertine.org\">Contact<\/a><\/div>\n<\/div>\n\n\n\n<p><\/p>\n\n\n\n<p><strong>Le Cercle local des m\u00e9c\u00e8nes de la Villa Albertine<\/strong><\/p>\n\n\n\n<p>Accompagn\u00e9s par les services culturels de l\u2019ambassade de France dans dix m\u00e9tropoles am\u00e9ricaines, les soutiens locaux de la Villa Albertine sont invit\u00e9s \u00e0 int\u00e9grer le Cercle local des m\u00e9c\u00e8nes de la Villa Albertine. Ses membres sont des personnalit\u00e9s \u00e9minentes au sein de leur communaut\u00e9, passionn\u00e9es d\u2019\u00e9changes artistiques et culturels entre la France et les \u00c9tats-Unis. Ils b\u00e9n\u00e9ficient d\u2019un acc\u00e8s exclusif \u00e0 la Villa Albertine et \u00e0 ses partenaires culturels au niveau local, et de nombreux avantages, qui peuvent inclure&nbsp;:<\/p>\n\n\n\n<ul class=\"wp-block-list\">\n<li>des invitations aux d\u00eeners et \u00e9v\u00e9nements priv\u00e9s de la Villa Albertine&nbsp;;<\/li>\n\n\n\n<li>des rencontres avec les r\u00e9sidents de la Villa Albertine pour d\u00e9couvrir leurs travaux en cours dans un cadre intime&nbsp;;<\/li>\n\n\n\n<li>un acc\u00e8s privil\u00e9gi\u00e9 aux institutions culturelles partenaires sur place&nbsp;;<\/li>\n\n\n\n<li>des invitations aux avant-premi\u00e8res des \u00e9v\u00e9nements et expositions locales&nbsp;;<\/li>\n\n\n\n<li>des remerciements sur la plateforme num\u00e9rique de la Villa Albertine et dans son rapport annuel.<\/li>\n<\/ul>\n\n\n\n<p>Pour plus d&rsquo;informations sur votre Cercle de m\u00e9c\u00e8nes Villa Albertine local, veuillez prendre attache avec&nbsp;<a href=\"https:\/\/villa-albertine.org\/\/fr\/the-villa\/contacts\">nos directeurs et directrices des antennes de la Villa Albertine<\/a>.&nbsp;<\/p>\n","protected":false},"excerpt":{"rendered":"<p>Villa Albertine existe gr\u00e2ce au soutien g\u00e9n\u00e9reux de donateurs individuels, dont Daphne Recanati Kaplan et Thomas S. Kaplan, Marie-Jos\u00e9e et Henry Kravis, B\u00e9atrice Stern, Stephan Haimo et Veronica Bulgari, et Michel et H\u00e9l\u00e8ne David-Weill. Les Amis de la Villa Albertine Les principaux soutiens du projet sont invit\u00e9s \u00e0 rejoindre le r\u00e9seau des Amis de la&#8230;<\/p>\n","protected":false},"author":1,"featured_media":692,"parent":793,"menu_order":0,"comment_status":"closed","ping_status":"closed","template":"","meta":{"_acf_changed":false,"footnotes":""},"class_list":["post-20152","page","type-page","status-publish","has-post-thumbnail","hentry"],"acf":[],"yoast_head":"<!-- This site is optimized with the Yoast SEO plugin v27.3 - https:\/\/yoast.com\/product\/yoast-seo-wordpress\/ -->\n<title>Adh\u00e9sion Individuelle - Villa Albertine<\/title>\n<meta name=\"robots\" content=\"index, follow, max-snippet:-1, max-image-preview:large, max-video-preview:-1\" \/>\n<link rel=\"canonical\" href=\"https:\/\/villa-albertine.org\/va\/fr\/a-propos\/adhesion-individuelle\/\" \/>\n<meta property=\"og:locale\" content=\"fr_FR\" \/>\n<meta property=\"og:type\" content=\"article\" \/>\n<meta property=\"og:title\" content=\"Adh\u00e9sion Individuelle - Villa Albertine\" \/>\n<meta property=\"og:description\" content=\"Villa Albertine existe gr\u00e2ce au soutien g\u00e9n\u00e9reux de donateurs individuels, dont Daphne Recanati Kaplan et Thomas S. Kaplan, Marie-Jos\u00e9e et Henry Kravis, B\u00e9atrice Stern, Stephan Haimo et Veronica Bulgari, et Michel et H\u00e9l\u00e8ne David-Weill. Les Amis de la Villa Albertine Les principaux soutiens du projet sont invit\u00e9s \u00e0 rejoindre le r\u00e9seau des Amis de la...\" \/>\n<meta property=\"og:url\" content=\"https:\/\/villa-albertine.org\/va\/fr\/a-propos\/adhesion-individuelle\/\" \/>\n<meta property=\"og:site_name\" content=\"Villa Albertine\" \/>\n<meta property=\"article:modified_time\" content=\"2025-02-04T17:11:39+00:00\" \/>\n<meta property=\"og:image\" content=\"https:\/\/villa-albertine.org\/wp-content\/uploads\/2023\/06\/Festival-Albertine-2017.jpeg\" \/>\n\t<meta property=\"og:image:width\" content=\"1246\" \/>\n\t<meta property=\"og:image:height\" content=\"572\" \/>\n\t<meta property=\"og:image:type\" content=\"image\/jpeg\" \/>\n<meta name=\"twitter:card\" content=\"summary_large_image\" \/>\n<meta name=\"twitter:label1\" content=\"Dur\u00e9e de lecture estim\u00e9e\" \/>\n\t<meta name=\"twitter:data1\" content=\"2 minutes\" \/>\n<script type=\"application\/ld+json\" class=\"yoast-schema-graph\">{\"@context\":\"https:\\\/\\\/schema.org\",\"@graph\":[{\"@type\":\"WebPage\",\"@id\":\"https:\\\/\\\/villa-albertine.org\\\/va\\\/fr\\\/a-propos\\\/adhesion-individuelle\\\/\",\"url\":\"https:\\\/\\\/villa-albertine.org\\\/va\\\/fr\\\/a-propos\\\/adhesion-individuelle\\\/\",\"name\":\"Adh\u00e9sion Individuelle - Villa Albertine\",\"isPartOf\":{\"@id\":\"https:\\\/\\\/villa-albertine.org\\\/va\\\/fr\\\/#website\"},\"primaryImageOfPage\":{\"@id\":\"https:\\\/\\\/villa-albertine.org\\\/va\\\/fr\\\/a-propos\\\/adhesion-individuelle\\\/#primaryimage\"},\"image\":{\"@id\":\"https:\\\/\\\/villa-albertine.org\\\/va\\\/fr\\\/a-propos\\\/adhesion-individuelle\\\/#primaryimage\"},\"thumbnailUrl\":\"https:\\\/\\\/villa-albertine.org\\\/wp-content\\\/uploads\\\/2023\\\/06\\\/Festival-Albertine-2017.jpeg\",\"datePublished\":\"2023-06-13T08:25:20+00:00\",\"dateModified\":\"2025-02-04T17:11:39+00:00\",\"breadcrumb\":{\"@id\":\"https:\\\/\\\/villa-albertine.org\\\/va\\\/fr\\\/a-propos\\\/adhesion-individuelle\\\/#breadcrumb\"},\"inLanguage\":\"fr-FR\",\"potentialAction\":[{\"@type\":\"ReadAction\",\"target\":[\"https:\\\/\\\/villa-albertine.org\\\/va\\\/fr\\\/a-propos\\\/adhesion-individuelle\\\/\"]}]},{\"@type\":\"ImageObject\",\"inLanguage\":\"fr-FR\",\"@id\":\"https:\\\/\\\/villa-albertine.org\\\/va\\\/fr\\\/a-propos\\\/adhesion-individuelle\\\/#primaryimage\",\"url\":\"https:\\\/\\\/villa-albertine.org\\\/wp-content\\\/uploads\\\/2023\\\/06\\\/Festival-Albertine-2017.jpeg\",\"contentUrl\":\"https:\\\/\\\/villa-albertine.org\\\/wp-content\\\/uploads\\\/2023\\\/06\\\/Festival-Albertine-2017.jpeg\",\"width\":1246,\"height\":572},{\"@type\":\"BreadcrumbList\",\"@id\":\"https:\\\/\\\/villa-albertine.org\\\/va\\\/fr\\\/a-propos\\\/adhesion-individuelle\\\/#breadcrumb\",\"itemListElement\":[{\"@type\":\"ListItem\",\"position\":1,\"name\":\"Home\",\"item\":\"https:\\\/\\\/villa-albertine.org\\\/va\\\/fr\\\/home\\\/\"},{\"@type\":\"ListItem\",\"position\":2,\"name\":\"Villa Albertine\",\"item\":\"https:\\\/\\\/villa-albertine.org\\\/va\\\/fr\\\/a-propos\\\/\"},{\"@type\":\"ListItem\",\"position\":3,\"name\":\"Adh\u00e9sion Individuelle\"}]},{\"@type\":\"WebSite\",\"@id\":\"https:\\\/\\\/villa-albertine.org\\\/va\\\/fr\\\/#website\",\"url\":\"https:\\\/\\\/villa-albertine.org\\\/va\\\/fr\\\/\",\"name\":\"Villa Albertine\",\"description\":\"\",\"potentialAction\":[{\"@type\":\"SearchAction\",\"target\":{\"@type\":\"EntryPoint\",\"urlTemplate\":\"https:\\\/\\\/villa-albertine.org\\\/va\\\/fr\\\/?s={search_term_string}\"},\"query-input\":{\"@type\":\"PropertyValueSpecification\",\"valueRequired\":true,\"valueName\":\"search_term_string\"}}],\"inLanguage\":\"fr-FR\"}]}<\/script>\n<!-- \/ Yoast SEO plugin. -->","yoast_head_json":{"title":"Adh\u00e9sion Individuelle - Villa Albertine","robots":{"index":"index","follow":"follow","max-snippet":"max-snippet:-1","max-image-preview":"max-image-preview:large","max-video-preview":"max-video-preview:-1"},"canonical":"https:\/\/villa-albertine.org\/va\/fr\/a-propos\/adhesion-individuelle\/","og_locale":"fr_FR","og_type":"article","og_title":"Adh\u00e9sion Individuelle - Villa Albertine","og_description":"Villa Albertine existe gr\u00e2ce au soutien g\u00e9n\u00e9reux de donateurs individuels, dont Daphne Recanati Kaplan et Thomas S. Kaplan, Marie-Jos\u00e9e et Henry Kravis, B\u00e9atrice Stern, Stephan Haimo et Veronica Bulgari, et Michel et H\u00e9l\u00e8ne David-Weill. Les Amis de la Villa Albertine Les principaux soutiens du projet sont invit\u00e9s \u00e0 rejoindre le r\u00e9seau des Amis de la...","og_url":"https:\/\/villa-albertine.org\/va\/fr\/a-propos\/adhesion-individuelle\/","og_site_name":"Villa Albertine","article_modified_time":"2025-02-04T17:11:39+00:00","og_image":[{"width":1246,"height":572,"url":"https:\/\/villa-albertine.org\/wp-content\/uploads\/2023\/06\/Festival-Albertine-2017.jpeg","type":"image\/jpeg"}],"twitter_card":"summary_large_image","twitter_misc":{"Dur\u00e9e de lecture estim\u00e9e":"2 minutes"},"schema":{"@context":"https:\/\/schema.org","@graph":[{"@type":"WebPage","@id":"https:\/\/villa-albertine.org\/va\/fr\/a-propos\/adhesion-individuelle\/","url":"https:\/\/villa-albertine.org\/va\/fr\/a-propos\/adhesion-individuelle\/","name":"Adh\u00e9sion Individuelle - Villa Albertine","isPartOf":{"@id":"https:\/\/villa-albertine.org\/va\/fr\/#website"},"primaryImageOfPage":{"@id":"https:\/\/villa-albertine.org\/va\/fr\/a-propos\/adhesion-individuelle\/#primaryimage"},"image":{"@id":"https:\/\/villa-albertine.org\/va\/fr\/a-propos\/adhesion-individuelle\/#primaryimage"},"thumbnailUrl":"https:\/\/villa-albertine.org\/wp-content\/uploads\/2023\/06\/Festival-Albertine-2017.jpeg","datePublished":"2023-06-13T08:25:20+00:00","dateModified":"2025-02-04T17:11:39+00:00","breadcrumb":{"@id":"https:\/\/villa-albertine.org\/va\/fr\/a-propos\/adhesion-individuelle\/#breadcrumb"},"inLanguage":"fr-FR","potentialAction":[{"@type":"ReadAction","target":["https:\/\/villa-albertine.org\/va\/fr\/a-propos\/adhesion-individuelle\/"]}]},{"@type":"ImageObject","inLanguage":"fr-FR","@id":"https:\/\/villa-albertine.org\/va\/fr\/a-propos\/adhesion-individuelle\/#primaryimage","url":"https:\/\/villa-albertine.org\/wp-content\/uploads\/2023\/06\/Festival-Albertine-2017.jpeg","contentUrl":"https:\/\/villa-albertine.org\/wp-content\/uploads\/2023\/06\/Festival-Albertine-2017.jpeg","width":1246,"height":572},{"@type":"BreadcrumbList","@id":"https:\/\/villa-albertine.org\/va\/fr\/a-propos\/adhesion-individuelle\/#breadcrumb","itemListElement":[{"@type":"ListItem","position":1,"name":"Home","item":"https:\/\/villa-albertine.org\/va\/fr\/home\/"},{"@type":"ListItem","position":2,"name":"Villa Albertine","item":"https:\/\/villa-albertine.org\/va\/fr\/a-propos\/"},{"@type":"ListItem","position":3,"name":"Adh\u00e9sion Individuelle"}]},{"@type":"WebSite","@id":"https:\/\/villa-albertine.org\/va\/fr\/#website","url":"https:\/\/villa-albertine.org\/va\/fr\/","name":"Villa Albertine","description":"","potentialAction":[{"@type":"SearchAction","target":{"@type":"EntryPoint","urlTemplate":"https:\/\/villa-albertine.org\/va\/fr\/?s={search_term_string}"},"query-input":{"@type":"PropertyValueSpecification","valueRequired":true,"valueName":"search_term_string"}}],"inLanguage":"fr-FR"}]}},"_links":{"self":[{"href":"https:\/\/villa-albertine.org\/va\/fr\/wp-json\/wp\/v2\/pages\/20152","targetHints":{"allow":["GET"]}}],"collection":[{"href":"https:\/\/villa-albertine.org\/va\/fr\/wp-json\/wp\/v2\/pages"}],"about":[{"href":"https:\/\/villa-albertine.org\/va\/fr\/wp-json\/wp\/v2\/types\/page"}],"author":[{"embeddable":true,"href":"https:\/\/villa-albertine.org\/va\/fr\/wp-json\/wp\/v2\/users\/1"}],"replies":[{"embeddable":true,"href":"https:\/\/villa-albertine.org\/va\/fr\/wp-json\/wp\/v2\/comments?post=20152"}],"version-history":[{"count":6,"href":"https:\/\/villa-albertine.org\/va\/fr\/wp-json\/wp\/v2\/pages\/20152\/revisions"}],"predecessor-version":[{"id":2489014,"href":"https:\/\/villa-albertine.org\/va\/fr\/wp-json\/wp\/v2\/pages\/20152\/revisions\/2489014"}],"up":[{"embeddable":true,"href":"https:\/\/villa-albertine.org\/va\/fr\/wp-json\/wp\/v2\/pages\/793"}],"wp:featuredmedia":[{"embeddable":true,"href":"https:\/\/villa-albertine.org\/va\/fr\/wp-json\/wp\/v2\/media\/692"}],"wp:attachment":[{"href":"https:\/\/villa-albertine.org\/va\/fr\/wp-json\/wp\/v2\/media?parent=20152"}],"curies":[{"name":"wp","href":"https:\/\/api.w.org\/{rel}","templated":true}]}}