{"id":20053,"date":"2023-06-13T08:27:44","date_gmt":"2023-06-13T08:27:44","guid":{"rendered":"https:\/\/villa-albertine.org\/\/the-villa\/foundation-government-partnerships\/"},"modified":"2025-02-04T16:47:58","modified_gmt":"2025-02-04T16:47:58","slug":"partenariats-institutionnels","status":"publish","type":"page","link":"https:\/\/villa-albertine.org\/va\/fr\/a-propos\/partenariats-institutionnels\/","title":{"rendered":"Partenariats institutionnels"},"content":{"rendered":"\n<p>La Villa Albertine est un \u00e9tablissement du minist\u00e8re de l\u2019Europe et des Affaires \u00e9trang\u00e8res, qui re\u00e7oit le soutien du minist\u00e8re de la Culture.<\/p>\n\n\n\n<p>\u00c0 leurs c\u00f4t\u00e9s, plusieurs partenaires jouent un r\u00f4le fondateur. La Villa Albertine b\u00e9n\u00e9ficie du soutien de la Fondation Albertine en particulier, de l\u2019Institut fran\u00e7ais, de la Fondation Florence Gould, de la Fondation Bettencourt Schueller, de la Fondation Louis Roederer, de la Fondation Judy et Peter Blum Kovler, du Centre national du cin\u00e9ma et de l\u2019image anim\u00e9e (CNC), de GRoW\u00a0@ Annenberg et de la Fondation Recanati-Kaplan. <\/p>\n\n\n\n<p>\u00c0 ces partenaires s\u2019associent \u00e9galement UniFrance, le Centre national des arts plastiques (Cnap), l\u2019Association pour la diffusion internationale de l\u2019art fran\u00e7ais (ADIAF) et la French American Cultural Society (FACS).<\/p>\n","protected":false},"excerpt":{"rendered":"<p>La Villa Albertine est un \u00e9tablissement du minist\u00e8re de l\u2019Europe et des Affaires \u00e9trang\u00e8res, qui re\u00e7oit le soutien du minist\u00e8re de la Culture. \u00c0 leurs c\u00f4t\u00e9s, plusieurs partenaires jouent un r\u00f4le fondateur. La Villa Albertine b\u00e9n\u00e9ficie du soutien de la Fondation Albertine en particulier, de l\u2019Institut fran\u00e7ais, de la Fondation Florence Gould, de la Fondation&#8230;<\/p>\n","protected":false},"author":1,"featured_media":464197,"parent":793,"menu_order":0,"comment_status":"closed","ping_status":"closed","template":"","meta":{"_acf_changed":false,"footnotes":""},"class_list":["post-20053","page","type-page","status-publish","has-post-thumbnail","hentry"],"acf":[],"yoast_head":"<!-- This site is optimized with the Yoast SEO plugin v27.3 - https:\/\/yoast.com\/product\/yoast-seo-wordpress\/ -->\n<title>Partenariats institutionnels - Villa Albertine<\/title>\n<meta name=\"robots\" content=\"index, follow, max-snippet:-1, max-image-preview:large, max-video-preview:-1\" \/>\n<link rel=\"canonical\" href=\"https:\/\/villa-albertine.org\/va\/fr\/a-propos\/partenariats-institutionnels\/\" \/>\n<meta property=\"og:locale\" content=\"fr_FR\" \/>\n<meta property=\"og:type\" content=\"article\" \/>\n<meta property=\"og:title\" content=\"Partenariats institutionnels - Villa Albertine\" \/>\n<meta property=\"og:description\" content=\"La Villa Albertine est un \u00e9tablissement du minist\u00e8re de l\u2019Europe et des Affaires \u00e9trang\u00e8res, qui re\u00e7oit le soutien du minist\u00e8re de la Culture. \u00c0 leurs c\u00f4t\u00e9s, plusieurs partenaires jouent un r\u00f4le fondateur. La Villa Albertine b\u00e9n\u00e9ficie du soutien de la Fondation Albertine en particulier, de l\u2019Institut fran\u00e7ais, de la Fondation Florence Gould, de la Fondation...\" \/>\n<meta property=\"og:url\" content=\"https:\/\/villa-albertine.org\/va\/fr\/a-propos\/partenariats-institutionnels\/\" \/>\n<meta property=\"og:site_name\" content=\"Villa Albertine\" \/>\n<meta property=\"article:modified_time\" content=\"2025-02-04T16:47:58+00:00\" \/>\n<meta property=\"og:image\" content=\"https:\/\/villa-albertine.org\/wp-content\/uploads\/2024\/01\/Quai-dOrsay-1.jpeg\" \/>\n\t<meta property=\"og:image:width\" content=\"1200\" \/>\n\t<meta property=\"og:image:height\" content=\"680\" \/>\n\t<meta property=\"og:image:type\" content=\"image\/jpeg\" \/>\n<meta name=\"twitter:card\" content=\"summary_large_image\" \/>\n<meta name=\"twitter:label1\" content=\"Dur\u00e9e de lecture estim\u00e9e\" \/>\n\t<meta name=\"twitter:data1\" content=\"1 minute\" \/>\n<script type=\"application\/ld+json\" class=\"yoast-schema-graph\">{\"@context\":\"https:\\\/\\\/schema.org\",\"@graph\":[{\"@type\":\"WebPage\",\"@id\":\"https:\\\/\\\/villa-albertine.org\\\/va\\\/fr\\\/a-propos\\\/partenariats-institutionnels\\\/\",\"url\":\"https:\\\/\\\/villa-albertine.org\\\/va\\\/fr\\\/a-propos\\\/partenariats-institutionnels\\\/\",\"name\":\"Partenariats institutionnels - Villa Albertine\",\"isPartOf\":{\"@id\":\"https:\\\/\\\/villa-albertine.org\\\/va\\\/fr\\\/#website\"},\"primaryImageOfPage\":{\"@id\":\"https:\\\/\\\/villa-albertine.org\\\/va\\\/fr\\\/a-propos\\\/partenariats-institutionnels\\\/#primaryimage\"},\"image\":{\"@id\":\"https:\\\/\\\/villa-albertine.org\\\/va\\\/fr\\\/a-propos\\\/partenariats-institutionnels\\\/#primaryimage\"},\"thumbnailUrl\":\"https:\\\/\\\/villa-albertine.org\\\/wp-content\\\/uploads\\\/2024\\\/01\\\/Quai-dOrsay-1.jpeg\",\"datePublished\":\"2023-06-13T08:27:44+00:00\",\"dateModified\":\"2025-02-04T16:47:58+00:00\",\"breadcrumb\":{\"@id\":\"https:\\\/\\\/villa-albertine.org\\\/va\\\/fr\\\/a-propos\\\/partenariats-institutionnels\\\/#breadcrumb\"},\"inLanguage\":\"fr-FR\",\"potentialAction\":[{\"@type\":\"ReadAction\",\"target\":[\"https:\\\/\\\/villa-albertine.org\\\/va\\\/fr\\\/a-propos\\\/partenariats-institutionnels\\\/\"]}]},{\"@type\":\"ImageObject\",\"inLanguage\":\"fr-FR\",\"@id\":\"https:\\\/\\\/villa-albertine.org\\\/va\\\/fr\\\/a-propos\\\/partenariats-institutionnels\\\/#primaryimage\",\"url\":\"https:\\\/\\\/villa-albertine.org\\\/wp-content\\\/uploads\\\/2024\\\/01\\\/Quai-dOrsay-1.jpeg\",\"contentUrl\":\"https:\\\/\\\/villa-albertine.org\\\/wp-content\\\/uploads\\\/2024\\\/01\\\/Quai-dOrsay-1.jpeg\",\"width\":1200,\"height\":680,\"caption\":\"Minist\u00e8re des affaires \u00e9trang\u00e8res \u00a9 Maxppp - Christophe Morin IP3Press\"},{\"@type\":\"BreadcrumbList\",\"@id\":\"https:\\\/\\\/villa-albertine.org\\\/va\\\/fr\\\/a-propos\\\/partenariats-institutionnels\\\/#breadcrumb\",\"itemListElement\":[{\"@type\":\"ListItem\",\"position\":1,\"name\":\"Home\",\"item\":\"https:\\\/\\\/villa-albertine.org\\\/va\\\/fr\\\/home\\\/\"},{\"@type\":\"ListItem\",\"position\":2,\"name\":\"Villa Albertine\",\"item\":\"https:\\\/\\\/villa-albertine.org\\\/va\\\/fr\\\/a-propos\\\/\"},{\"@type\":\"ListItem\",\"position\":3,\"name\":\"Partenariats institutionnels\"}]},{\"@type\":\"WebSite\",\"@id\":\"https:\\\/\\\/villa-albertine.org\\\/va\\\/fr\\\/#website\",\"url\":\"https:\\\/\\\/villa-albertine.org\\\/va\\\/fr\\\/\",\"name\":\"Villa Albertine\",\"description\":\"\",\"potentialAction\":[{\"@type\":\"SearchAction\",\"target\":{\"@type\":\"EntryPoint\",\"urlTemplate\":\"https:\\\/\\\/villa-albertine.org\\\/va\\\/fr\\\/?s={search_term_string}\"},\"query-input\":{\"@type\":\"PropertyValueSpecification\",\"valueRequired\":true,\"valueName\":\"search_term_string\"}}],\"inLanguage\":\"fr-FR\"}]}<\/script>\n<!-- \/ Yoast SEO plugin. -->","yoast_head_json":{"title":"Partenariats institutionnels - Villa Albertine","robots":{"index":"index","follow":"follow","max-snippet":"max-snippet:-1","max-image-preview":"max-image-preview:large","max-video-preview":"max-video-preview:-1"},"canonical":"https:\/\/villa-albertine.org\/va\/fr\/a-propos\/partenariats-institutionnels\/","og_locale":"fr_FR","og_type":"article","og_title":"Partenariats institutionnels - Villa Albertine","og_description":"La Villa Albertine est un \u00e9tablissement du minist\u00e8re de l\u2019Europe et des Affaires \u00e9trang\u00e8res, qui re\u00e7oit le soutien du minist\u00e8re de la Culture. \u00c0 leurs c\u00f4t\u00e9s, plusieurs partenaires jouent un r\u00f4le fondateur. La Villa Albertine b\u00e9n\u00e9ficie du soutien de la Fondation Albertine en particulier, de l\u2019Institut fran\u00e7ais, de la Fondation Florence Gould, de la Fondation...","og_url":"https:\/\/villa-albertine.org\/va\/fr\/a-propos\/partenariats-institutionnels\/","og_site_name":"Villa Albertine","article_modified_time":"2025-02-04T16:47:58+00:00","og_image":[{"width":1200,"height":680,"url":"https:\/\/villa-albertine.org\/wp-content\/uploads\/2024\/01\/Quai-dOrsay-1.jpeg","type":"image\/jpeg"}],"twitter_card":"summary_large_image","twitter_misc":{"Dur\u00e9e de lecture estim\u00e9e":"1 minute"},"schema":{"@context":"https:\/\/schema.org","@graph":[{"@type":"WebPage","@id":"https:\/\/villa-albertine.org\/va\/fr\/a-propos\/partenariats-institutionnels\/","url":"https:\/\/villa-albertine.org\/va\/fr\/a-propos\/partenariats-institutionnels\/","name":"Partenariats institutionnels - Villa Albertine","isPartOf":{"@id":"https:\/\/villa-albertine.org\/va\/fr\/#website"},"primaryImageOfPage":{"@id":"https:\/\/villa-albertine.org\/va\/fr\/a-propos\/partenariats-institutionnels\/#primaryimage"},"image":{"@id":"https:\/\/villa-albertine.org\/va\/fr\/a-propos\/partenariats-institutionnels\/#primaryimage"},"thumbnailUrl":"https:\/\/villa-albertine.org\/wp-content\/uploads\/2024\/01\/Quai-dOrsay-1.jpeg","datePublished":"2023-06-13T08:27:44+00:00","dateModified":"2025-02-04T16:47:58+00:00","breadcrumb":{"@id":"https:\/\/villa-albertine.org\/va\/fr\/a-propos\/partenariats-institutionnels\/#breadcrumb"},"inLanguage":"fr-FR","potentialAction":[{"@type":"ReadAction","target":["https:\/\/villa-albertine.org\/va\/fr\/a-propos\/partenariats-institutionnels\/"]}]},{"@type":"ImageObject","inLanguage":"fr-FR","@id":"https:\/\/villa-albertine.org\/va\/fr\/a-propos\/partenariats-institutionnels\/#primaryimage","url":"https:\/\/villa-albertine.org\/wp-content\/uploads\/2024\/01\/Quai-dOrsay-1.jpeg","contentUrl":"https:\/\/villa-albertine.org\/wp-content\/uploads\/2024\/01\/Quai-dOrsay-1.jpeg","width":1200,"height":680,"caption":"Minist\u00e8re des affaires \u00e9trang\u00e8res \u00a9 Maxppp - Christophe Morin IP3Press"},{"@type":"BreadcrumbList","@id":"https:\/\/villa-albertine.org\/va\/fr\/a-propos\/partenariats-institutionnels\/#breadcrumb","itemListElement":[{"@type":"ListItem","position":1,"name":"Home","item":"https:\/\/villa-albertine.org\/va\/fr\/home\/"},{"@type":"ListItem","position":2,"name":"Villa Albertine","item":"https:\/\/villa-albertine.org\/va\/fr\/a-propos\/"},{"@type":"ListItem","position":3,"name":"Partenariats institutionnels"}]},{"@type":"WebSite","@id":"https:\/\/villa-albertine.org\/va\/fr\/#website","url":"https:\/\/villa-albertine.org\/va\/fr\/","name":"Villa Albertine","description":"","potentialAction":[{"@type":"SearchAction","target":{"@type":"EntryPoint","urlTemplate":"https:\/\/villa-albertine.org\/va\/fr\/?s={search_term_string}"},"query-input":{"@type":"PropertyValueSpecification","valueRequired":true,"valueName":"search_term_string"}}],"inLanguage":"fr-FR"}]}},"_links":{"self":[{"href":"https:\/\/villa-albertine.org\/va\/fr\/wp-json\/wp\/v2\/pages\/20053","targetHints":{"allow":["GET"]}}],"collection":[{"href":"https:\/\/villa-albertine.org\/va\/fr\/wp-json\/wp\/v2\/pages"}],"about":[{"href":"https:\/\/villa-albertine.org\/va\/fr\/wp-json\/wp\/v2\/types\/page"}],"author":[{"embeddable":true,"href":"https:\/\/villa-albertine.org\/va\/fr\/wp-json\/wp\/v2\/users\/1"}],"replies":[{"embeddable":true,"href":"https:\/\/villa-albertine.org\/va\/fr\/wp-json\/wp\/v2\/comments?post=20053"}],"version-history":[{"count":12,"href":"https:\/\/villa-albertine.org\/va\/fr\/wp-json\/wp\/v2\/pages\/20053\/revisions"}],"predecessor-version":[{"id":2488531,"href":"https:\/\/villa-albertine.org\/va\/fr\/wp-json\/wp\/v2\/pages\/20053\/revisions\/2488531"}],"up":[{"embeddable":true,"href":"https:\/\/villa-albertine.org\/va\/fr\/wp-json\/wp\/v2\/pages\/793"}],"wp:featuredmedia":[{"embeddable":true,"href":"https:\/\/villa-albertine.org\/va\/fr\/wp-json\/wp\/v2\/media\/464197"}],"wp:attachment":[{"href":"https:\/\/villa-albertine.org\/va\/fr\/wp-json\/wp\/v2\/media?parent=20053"}],"curies":[{"name":"wp","href":"https:\/\/api.w.org\/{rel}","templated":true}]}}